{"id":2814,"date":"2025-11-18T09:05:08","date_gmt":"2025-11-18T09:05:08","guid":{"rendered":"https:\/\/pinsportapp.info\/?page_id=2814"},"modified":"2025-12-01T04:15:25","modified_gmt":"2025-12-01T04:15:25","slug":"participants-athletes","status":"publish","type":"page","link":"https:\/\/pinsportapp.info\/de\/participants-athletes\/","title":{"rendered":"Teilnehmende &amp; Athlet:innen"},"content":{"rendered":"<div data-elementor-type=\"wp-page\" data-elementor-id=\"2814\" class=\"elementor elementor-2814\" data-elementor-post-type=\"page\">\n\t\t\t\t<div data-particle_enable=\"false\" data-particle-mobile-disabled=\"false\" class=\"elementor-element elementor-element-de41b0f e-flex e-con-boxed e-con e-parent\" data-id=\"de41b0f\" data-element_type=\"container\" data-e-type=\"container\" data-settings=\"{&quot;background_background&quot;:&quot;classic&quot;}\">\n\t\t\t\t\t<div class=\"e-con-inner\">\n\t\t\t\t<div class=\"elementor-element elementor-element-be59d0a elementor-widget elementor-widget-heading\" data-id=\"be59d0a\" data-element_type=\"widget\" data-e-type=\"widget\" data-widget_type=\"heading.default\">\n\t\t\t\t\t<h2 class=\"elementor-heading-title elementor-size-default\">F\u00fcr Teilnehmende &amp; Athlet:innen<\/h2>\t\t\t\t<\/div>\n\t\t\t\t<div class=\"elementor-element elementor-element-e0ceb57 elementor-widget elementor-widget-text-editor\" data-id=\"e0ceb57\" data-element_type=\"widget\" data-e-type=\"widget\" data-widget_type=\"text-editor.default\">\n\t\t\t\t\t\t\t\t\t<p><em><strong>Zeige deine Skills. Tritt Teams bei. Vernetze dich mit der Sportwelt.<\/strong><\/em><\/p>\t\t\t\t\t\t\t\t<\/div>\n\t\t\t\t<div class=\"elementor-element elementor-element-6bc6e75 elementor-widget elementor-widget-text-editor\" data-id=\"6bc6e75\" data-element_type=\"widget\" data-e-type=\"widget\" data-widget_type=\"text-editor.default\">\n\t\t\t\t\t\t\t\t\t<p>Athlet:innen k\u00f6nnen sich professionell pr\u00e4sentieren und unz\u00e4hlige M\u00f6glichkeiten im lokalen Sport entdecken.<\/p>\t\t\t\t\t\t\t\t<\/div>\n\t\t\t\t\t<\/div>\n\t\t\t\t<\/div>\n\t\t<div data-particle_enable=\"false\" data-particle-mobile-disabled=\"false\" class=\"elementor-element elementor-element-27bbac3 e-flex e-con-boxed e-con e-parent\" data-id=\"27bbac3\" data-element_type=\"container\" data-e-type=\"container\">\n\t\t\t\t\t<div class=\"e-con-inner\">\n\t\t\t\t<div class=\"elementor-element elementor-element-0acac6f elementor-widget elementor-widget-heading\" data-id=\"0acac6f\" data-element_type=\"widget\" data-e-type=\"widget\" data-widget_type=\"heading.default\">\n\t\t\t\t\t<h2 class=\"elementor-heading-title elementor-size-default\">F\u00fcr Teilnehmende &amp; Athlet:innen<\/h2>\t\t\t\t<\/div>\n\t\t\t\t\t<\/div>\n\t\t\t\t<\/div>\n\t\t<div data-particle_enable=\"false\" data-particle-mobile-disabled=\"false\" class=\"elementor-element elementor-element-446e5cdc e-flex e-con-boxed e-con e-parent\" data-id=\"446e5cdc\" data-element_type=\"container\" data-e-type=\"container\">\n\t\t\t\t\t<div class=\"e-con-inner\">\n\t\t<div data-particle_enable=\"false\" data-particle-mobile-disabled=\"false\" class=\"elementor-element elementor-element-33ac4f66 e-con-full e-flex e-con e-child\" data-id=\"33ac4f66\" data-element_type=\"container\" data-e-type=\"container\">\n\t\t<div data-particle_enable=\"false\" data-particle-mobile-disabled=\"false\" class=\"elementor-element elementor-element-2088caf3 e-con-full e-flex e-con e-child\" data-id=\"2088caf3\" data-element_type=\"container\" data-e-type=\"container\">\n\t\t\t\t<div class=\"elementor-element elementor-element-3f56a670 elementor-widget elementor-widget-image\" data-id=\"3f56a670\" data-element_type=\"widget\" data-e-type=\"widget\" data-widget_type=\"image.default\">\n\t\t\t\t\t\t\t\t\t\t\t\t\t\t\t<img fetchpriority=\"high\" decoding=\"async\" width=\"1600\" height=\"865\" src=\"https:\/\/pinsportapp.info\/wp-content\/uploads\/2025\/12\/WhatsApp-Image-2025-11-27-at-9.42.17-PM-2.jpeg\" class=\"attachment-full size-full wp-image-2938\" alt=\"\" srcset=\"https:\/\/pinsportapp.info\/wp-content\/uploads\/2025\/12\/WhatsApp-Image-2025-11-27-at-9.42.17-PM-2.jpeg 1600w, https:\/\/pinsportapp.info\/wp-content\/uploads\/2025\/12\/WhatsApp-Image-2025-11-27-at-9.42.17-PM-2-300x162.jpeg 300w, https:\/\/pinsportapp.info\/wp-content\/uploads\/2025\/12\/WhatsApp-Image-2025-11-27-at-9.42.17-PM-2-1024x554.jpeg 1024w, https:\/\/pinsportapp.info\/wp-content\/uploads\/2025\/12\/WhatsApp-Image-2025-11-27-at-9.42.17-PM-2-768x415.jpeg 768w, https:\/\/pinsportapp.info\/wp-content\/uploads\/2025\/12\/WhatsApp-Image-2025-11-27-at-9.42.17-PM-2-1536x830.jpeg 1536w, https:\/\/pinsportapp.info\/wp-content\/uploads\/2025\/12\/WhatsApp-Image-2025-11-27-at-9.42.17-PM-2-18x10.jpeg 18w\" sizes=\"(max-width: 1600px) 100vw, 1600px\" \/>\t\t\t\t\t\t\t\t\t\t\t\t\t\t\t<\/div>\n\t\t\t\t<div class=\"elementor-element elementor-element-53f08ea9 elementor-widget elementor-widget-heading\" data-id=\"53f08ea9\" data-element_type=\"widget\" data-e-type=\"widget\" data-widget_type=\"heading.default\">\n\t\t\t\t\t<h2 class=\"elementor-heading-title elementor-size-default\">Vereinen &amp; Spieler:innen folgen<\/h2>\t\t\t\t<\/div>\n\t\t\t\t<div class=\"elementor-element elementor-element-38e7691f elementor-widget elementor-widget-text-editor\" data-id=\"38e7691f\" data-element_type=\"widget\" data-e-type=\"widget\" data-widget_type=\"text-editor.default\">\n\t\t\t\t\t\t\t\t\t<p>Bleibe immer auf dem Laufenden \u00fcber Teams, Events und News.<\/p>\t\t\t\t\t\t\t\t<\/div>\n\t\t\t\t<div class=\"elementor-element elementor-element-45f7e3c4 elementor-align-left elementor-widget elementor-widget-button\" data-id=\"45f7e3c4\" data-element_type=\"widget\" data-e-type=\"widget\" data-widget_type=\"button.default\">\n\t\t\t\t\t\t\t\t\t\t<a class=\"elementor-button elementor-button-link elementor-size-sm elementor-animation-grow\" href=\"#elementor-action%3Aaction%3Dpopup%3Aopen%26settings%3DeyJpZCI6IjI5NzAiLCJ0b2dnbGUiOmZhbHNlfQ%3D%3D\">\n\t\t\t\t\t\t<span class=\"elementor-button-content-wrapper\">\n\t\t\t\t\t\t<span class=\"elementor-button-icon\">\n\t\t\t\t<i aria-hidden=\"true\" class=\"fas fa-arrow-right\"><\/i>\t\t\t<\/span>\n\t\t\t\t\t\t\t\t\t<span class=\"elementor-button-text\">Vorschau<\/span>\n\t\t\t\t\t<\/span>\n\t\t\t\t\t<\/a>\n\t\t\t\t\t\t\t\t<\/div>\n\t\t\t\t<\/div>\n\t\t\t\t<\/div>\n\t\t<div data-particle_enable=\"false\" data-particle-mobile-disabled=\"false\" class=\"elementor-element elementor-element-7a164dbd e-con-full e-flex e-con e-child\" data-id=\"7a164dbd\" data-element_type=\"container\" data-e-type=\"container\">\n\t\t<div data-particle_enable=\"false\" data-particle-mobile-disabled=\"false\" class=\"elementor-element elementor-element-507c31f0 e-con-full e-flex e-con e-child\" data-id=\"507c31f0\" data-element_type=\"container\" data-e-type=\"container\">\n\t\t\t\t<div class=\"elementor-element elementor-element-651e0a9c elementor-widget elementor-widget-image\" data-id=\"651e0a9c\" data-element_type=\"widget\" data-e-type=\"widget\" data-widget_type=\"image.default\">\n\t\t\t\t\t\t\t\t\t\t\t\t\t\t\t<img decoding=\"async\" width=\"1600\" height=\"932\" src=\"https:\/\/pinsportapp.info\/wp-content\/uploads\/2025\/11\/WhatsApp-Image-2025-11-27-at-9.42.18-PM-4.jpeg\" class=\"attachment-full size-full wp-image-2930\" alt=\"\" srcset=\"https:\/\/pinsportapp.info\/wp-content\/uploads\/2025\/11\/WhatsApp-Image-2025-11-27-at-9.42.18-PM-4.jpeg 1600w, https:\/\/pinsportapp.info\/wp-content\/uploads\/2025\/11\/WhatsApp-Image-2025-11-27-at-9.42.18-PM-4-300x175.jpeg 300w, https:\/\/pinsportapp.info\/wp-content\/uploads\/2025\/11\/WhatsApp-Image-2025-11-27-at-9.42.18-PM-4-1024x596.jpeg 1024w, https:\/\/pinsportapp.info\/wp-content\/uploads\/2025\/11\/WhatsApp-Image-2025-11-27-at-9.42.18-PM-4-768x447.jpeg 768w, https:\/\/pinsportapp.info\/wp-content\/uploads\/2025\/11\/WhatsApp-Image-2025-11-27-at-9.42.18-PM-4-1536x895.jpeg 1536w, https:\/\/pinsportapp.info\/wp-content\/uploads\/2025\/11\/WhatsApp-Image-2025-11-27-at-9.42.18-PM-4-18x10.jpeg 18w\" sizes=\"(max-width: 1600px) 100vw, 1600px\" \/>\t\t\t\t\t\t\t\t\t\t\t\t\t\t\t<\/div>\n\t\t\t\t<div class=\"elementor-element elementor-element-1b9dfc12 elementor-widget elementor-widget-heading\" data-id=\"1b9dfc12\" data-element_type=\"widget\" data-e-type=\"widget\" data-widget_type=\"heading.default\">\n\t\t\t\t\t<h2 class=\"elementor-heading-title elementor-size-default\">Teams m\u00fchelos beitreten<\/h2>\t\t\t\t<\/div>\n\t\t\t\t<div class=\"elementor-element elementor-element-1a10819 elementor-widget elementor-widget-text-editor\" data-id=\"1a10819\" data-element_type=\"widget\" data-e-type=\"widget\" data-widget_type=\"text-editor.default\">\n\t\t\t\t\t\t\t\t\t<p>Bewirb dich direkt in der App auf offene Positionen.<\/p>\t\t\t\t\t\t\t\t<\/div>\n\t\t\t\t<div class=\"elementor-element elementor-element-6cec196a elementor-align-left elementor-widget elementor-widget-button\" data-id=\"6cec196a\" data-element_type=\"widget\" data-e-type=\"widget\" data-widget_type=\"button.default\">\n\t\t\t\t\t\t\t\t\t\t<a class=\"elementor-button elementor-button-link elementor-size-sm elementor-animation-grow\" href=\"#elementor-action%3Aaction%3Dpopup%3Aopen%26settings%3DeyJpZCI6IjI5NzMiLCJ0b2dnbGUiOmZhbHNlfQ%3D%3D\">\n\t\t\t\t\t\t<span class=\"elementor-button-content-wrapper\">\n\t\t\t\t\t\t<span class=\"elementor-button-icon\">\n\t\t\t\t<i aria-hidden=\"true\" class=\"fas fa-arrow-right\"><\/i>\t\t\t<\/span>\n\t\t\t\t\t\t\t\t\t<span class=\"elementor-button-text\">Vorschau<\/span>\n\t\t\t\t\t<\/span>\n\t\t\t\t\t<\/a>\n\t\t\t\t\t\t\t\t<\/div>\n\t\t\t\t<\/div>\n\t\t\t\t<\/div>\n\t\t\t\t\t<\/div>\n\t\t\t\t<\/div>\n\t\t<div data-particle_enable=\"false\" data-particle-mobile-disabled=\"false\" class=\"elementor-element elementor-element-735fab0 e-flex e-con-boxed e-con e-parent\" data-id=\"735fab0\" data-element_type=\"container\" data-e-type=\"container\">\n\t\t\t\t\t<div class=\"e-con-inner\">\n\t\t<div data-particle_enable=\"false\" data-particle-mobile-disabled=\"false\" class=\"elementor-element elementor-element-c7ac52c e-con-full e-flex e-con e-child\" data-id=\"c7ac52c\" data-element_type=\"container\" data-e-type=\"container\">\n\t\t<div data-particle_enable=\"false\" data-particle-mobile-disabled=\"false\" class=\"elementor-element elementor-element-1f48355 e-con-full e-flex e-con e-child\" data-id=\"1f48355\" data-element_type=\"container\" data-e-type=\"container\">\n\t\t\t\t<div class=\"elementor-element elementor-element-9900a88 elementor-widget elementor-widget-image\" data-id=\"9900a88\" data-element_type=\"widget\" data-e-type=\"widget\" data-widget_type=\"image.default\">\n\t\t\t\t\t\t\t\t\t\t\t\t\t\t\t<img decoding=\"async\" width=\"1600\" height=\"815\" src=\"https:\/\/pinsportapp.info\/wp-content\/uploads\/2025\/12\/WhatsApp-Image-2025-12-01-at-3.24.56-AM.jpeg\" class=\"attachment-full size-full wp-image-2949\" alt=\"\" srcset=\"https:\/\/pinsportapp.info\/wp-content\/uploads\/2025\/12\/WhatsApp-Image-2025-12-01-at-3.24.56-AM.jpeg 1600w, https:\/\/pinsportapp.info\/wp-content\/uploads\/2025\/12\/WhatsApp-Image-2025-12-01-at-3.24.56-AM-300x153.jpeg 300w, https:\/\/pinsportapp.info\/wp-content\/uploads\/2025\/12\/WhatsApp-Image-2025-12-01-at-3.24.56-AM-1024x522.jpeg 1024w, https:\/\/pinsportapp.info\/wp-content\/uploads\/2025\/12\/WhatsApp-Image-2025-12-01-at-3.24.56-AM-768x391.jpeg 768w, https:\/\/pinsportapp.info\/wp-content\/uploads\/2025\/12\/WhatsApp-Image-2025-12-01-at-3.24.56-AM-1536x782.jpeg 1536w, https:\/\/pinsportapp.info\/wp-content\/uploads\/2025\/12\/WhatsApp-Image-2025-12-01-at-3.24.56-AM-18x9.jpeg 18w\" sizes=\"(max-width: 1600px) 100vw, 1600px\" \/>\t\t\t\t\t\t\t\t\t\t\t\t\t\t\t<\/div>\n\t\t\t\t<div class=\"elementor-element elementor-element-6f304bd elementor-widget elementor-widget-heading\" data-id=\"6f304bd\" data-element_type=\"widget\" data-e-type=\"widget\" data-widget_type=\"heading.default\">\n\t\t\t\t\t<h2 class=\"elementor-heading-title elementor-size-default\">Trainingsteilnahmen verfolgen<\/h2>\t\t\t\t<\/div>\n\t\t\t\t<div class=\"elementor-element elementor-element-07f973e elementor-widget elementor-widget-text-editor\" data-id=\"07f973e\" data-element_type=\"widget\" data-e-type=\"widget\" data-widget_type=\"text-editor.default\">\n\t\t\t\t\t\t\t\t\t<p>Markiere deine Verf\u00fcgbarkeit und behalte den \u00dcberblick \u00fcber den Trainings- und Spielplan deines Teams.<\/p>\t\t\t\t\t\t\t\t<\/div>\n\t\t\t\t<div class=\"elementor-element elementor-element-a509c99 elementor-align-left elementor-widget elementor-widget-button\" data-id=\"a509c99\" data-element_type=\"widget\" data-e-type=\"widget\" data-widget_type=\"button.default\">\n\t\t\t\t\t\t\t\t\t\t<a class=\"elementor-button elementor-button-link elementor-size-sm elementor-animation-grow\" href=\"#elementor-action%3Aaction%3Dpopup%3Aopen%26settings%3DeyJpZCI6IjI5NzciLCJ0b2dnbGUiOmZhbHNlfQ%3D%3D\">\n\t\t\t\t\t\t<span class=\"elementor-button-content-wrapper\">\n\t\t\t\t\t\t<span class=\"elementor-button-icon\">\n\t\t\t\t<i aria-hidden=\"true\" class=\"fas fa-arrow-right\"><\/i>\t\t\t<\/span>\n\t\t\t\t\t\t\t\t\t<span class=\"elementor-button-text\">Vorschau<\/span>\n\t\t\t\t\t<\/span>\n\t\t\t\t\t<\/a>\n\t\t\t\t\t\t\t\t<\/div>\n\t\t\t\t<\/div>\n\t\t\t\t<\/div>\n\t\t<div data-particle_enable=\"false\" data-particle-mobile-disabled=\"false\" class=\"elementor-element elementor-element-b435362 e-con-full e-flex e-con e-child\" data-id=\"b435362\" data-element_type=\"container\" data-e-type=\"container\">\n\t\t<div data-particle_enable=\"false\" data-particle-mobile-disabled=\"false\" class=\"elementor-element elementor-element-3b5f485 e-con-full e-flex e-con e-child\" data-id=\"3b5f485\" data-element_type=\"container\" data-e-type=\"container\">\n\t\t\t\t<div class=\"elementor-element elementor-element-9111823 elementor-widget elementor-widget-image\" data-id=\"9111823\" data-element_type=\"widget\" data-e-type=\"widget\" data-widget_type=\"image.default\">\n\t\t\t\t\t\t\t\t\t\t\t\t\t\t\t<img loading=\"lazy\" decoding=\"async\" width=\"1600\" height=\"815\" src=\"https:\/\/pinsportapp.info\/wp-content\/uploads\/2025\/12\/WhatsApp-Image-2025-12-01-at-4.00.04-AM.jpeg\" class=\"attachment-full size-full wp-image-2981\" alt=\"\" srcset=\"https:\/\/pinsportapp.info\/wp-content\/uploads\/2025\/12\/WhatsApp-Image-2025-12-01-at-4.00.04-AM.jpeg 1600w, https:\/\/pinsportapp.info\/wp-content\/uploads\/2025\/12\/WhatsApp-Image-2025-12-01-at-4.00.04-AM-300x153.jpeg 300w, https:\/\/pinsportapp.info\/wp-content\/uploads\/2025\/12\/WhatsApp-Image-2025-12-01-at-4.00.04-AM-1024x522.jpeg 1024w, https:\/\/pinsportapp.info\/wp-content\/uploads\/2025\/12\/WhatsApp-Image-2025-12-01-at-4.00.04-AM-768x391.jpeg 768w, https:\/\/pinsportapp.info\/wp-content\/uploads\/2025\/12\/WhatsApp-Image-2025-12-01-at-4.00.04-AM-1536x782.jpeg 1536w, https:\/\/pinsportapp.info\/wp-content\/uploads\/2025\/12\/WhatsApp-Image-2025-12-01-at-4.00.04-AM-18x9.jpeg 18w\" sizes=\"(max-width: 1600px) 100vw, 1600px\" \/>\t\t\t\t\t\t\t\t\t\t\t\t\t\t\t<\/div>\n\t\t\t\t<div class=\"elementor-element elementor-element-0c82314 elementor-widget elementor-widget-heading\" data-id=\"0c82314\" data-element_type=\"widget\" data-e-type=\"widget\" data-widget_type=\"heading.default\">\n\t\t\t\t\t<h2 class=\"elementor-heading-title elementor-size-default\">Vervollst\u00e4ndige dein Athletenprofil<\/h2>\t\t\t\t<\/div>\n\t\t\t\t<div class=\"elementor-element elementor-element-cef400a elementor-widget elementor-widget-text-editor\" data-id=\"cef400a\" data-element_type=\"widget\" data-e-type=\"widget\" data-widget_type=\"text-editor.default\">\n\t\t\t\t\t\t\t\t\t<p>Pr\u00e4sentiere Highlights, Statistiken, St\u00e4rken, Erfolge, Positionen und Erfahrung.<\/p>\t\t\t\t\t\t\t\t<\/div>\n\t\t\t\t<div class=\"elementor-element elementor-element-5c6f3b3 elementor-align-left elementor-widget elementor-widget-button\" data-id=\"5c6f3b3\" data-element_type=\"widget\" data-e-type=\"widget\" data-widget_type=\"button.default\">\n\t\t\t\t\t\t\t\t\t\t<a class=\"elementor-button elementor-button-link elementor-size-sm elementor-animation-grow\" href=\"#elementor-action%3Aaction%3Dpopup%3Aopen%26settings%3DeyJpZCI6IjI5NzYiLCJ0b2dnbGUiOmZhbHNlfQ%3D%3D\">\n\t\t\t\t\t\t<span class=\"elementor-button-content-wrapper\">\n\t\t\t\t\t\t<span class=\"elementor-button-icon\">\n\t\t\t\t<i aria-hidden=\"true\" class=\"fas fa-arrow-right\"><\/i>\t\t\t<\/span>\n\t\t\t\t\t\t\t\t\t<span class=\"elementor-button-text\">Vorschau<\/span>\n\t\t\t\t\t<\/span>\n\t\t\t\t\t<\/a>\n\t\t\t\t\t\t\t\t<\/div>\n\t\t\t\t<\/div>\n\t\t\t\t<\/div>\n\t\t\t\t\t<\/div>\n\t\t\t\t<\/div>\n\t\t<div data-particle_enable=\"false\" data-particle-mobile-disabled=\"false\" class=\"elementor-element elementor-element-6c48eba e-flex e-con-boxed e-con e-parent\" data-id=\"6c48eba\" data-element_type=\"container\" data-e-type=\"container\">\n\t\t\t\t\t<div class=\"e-con-inner\">\n\t\t<div data-particle_enable=\"false\" data-particle-mobile-disabled=\"false\" class=\"elementor-element elementor-element-cad878d e-con-full e-flex e-con e-child\" data-id=\"cad878d\" data-element_type=\"container\" data-e-type=\"container\">\n\t\t<div data-particle_enable=\"false\" data-particle-mobile-disabled=\"false\" class=\"elementor-element elementor-element-7639b3a e-con-full e-flex e-con e-child\" data-id=\"7639b3a\" data-element_type=\"container\" data-e-type=\"container\">\n\t\t\t\t<div class=\"elementor-element elementor-element-304c891 elementor-widget elementor-widget-image\" data-id=\"304c891\" data-element_type=\"widget\" data-e-type=\"widget\" data-widget_type=\"image.default\">\n\t\t\t\t\t\t\t\t\t\t\t\t\t\t\t<img fetchpriority=\"high\" decoding=\"async\" width=\"1600\" height=\"865\" src=\"https:\/\/pinsportapp.info\/wp-content\/uploads\/2025\/12\/WhatsApp-Image-2025-11-27-at-9.42.17-PM-2.jpeg\" class=\"attachment-full size-full wp-image-2938\" alt=\"\" srcset=\"https:\/\/pinsportapp.info\/wp-content\/uploads\/2025\/12\/WhatsApp-Image-2025-11-27-at-9.42.17-PM-2.jpeg 1600w, https:\/\/pinsportapp.info\/wp-content\/uploads\/2025\/12\/WhatsApp-Image-2025-11-27-at-9.42.17-PM-2-300x162.jpeg 300w, https:\/\/pinsportapp.info\/wp-content\/uploads\/2025\/12\/WhatsApp-Image-2025-11-27-at-9.42.17-PM-2-1024x554.jpeg 1024w, https:\/\/pinsportapp.info\/wp-content\/uploads\/2025\/12\/WhatsApp-Image-2025-11-27-at-9.42.17-PM-2-768x415.jpeg 768w, https:\/\/pinsportapp.info\/wp-content\/uploads\/2025\/12\/WhatsApp-Image-2025-11-27-at-9.42.17-PM-2-1536x830.jpeg 1536w, https:\/\/pinsportapp.info\/wp-content\/uploads\/2025\/12\/WhatsApp-Image-2025-11-27-at-9.42.17-PM-2-18x10.jpeg 18w\" sizes=\"(max-width: 1600px) 100vw, 1600px\" \/>\t\t\t\t\t\t\t\t\t\t\t\t\t\t\t<\/div>\n\t\t\t\t<div class=\"elementor-element elementor-element-142204a elementor-widget elementor-widget-heading\" data-id=\"142204a\" data-element_type=\"widget\" data-e-type=\"widget\" data-widget_type=\"heading.default\">\n\t\t\t\t\t<h2 class=\"elementor-heading-title elementor-size-default\">Mit anderen Athlet*innen vernetzen<\/h2>\t\t\t\t<\/div>\n\t\t\t\t<div class=\"elementor-element elementor-element-c948fdd elementor-widget elementor-widget-text-editor\" data-id=\"c948fdd\" data-element_type=\"widget\" data-e-type=\"widget\" data-widget_type=\"text-editor.default\">\n\t\t\t\t\t\t\t\t\t<p>Markiere deine Verf\u00fcgbarkeit und behalte den \u00dcberblick \u00fcber den Trainings- und Spielplan deines Teams.<\/p>\t\t\t\t\t\t\t\t<\/div>\n\t\t\t\t<div class=\"elementor-element elementor-element-7cb7094 elementor-align-left elementor-widget elementor-widget-button\" data-id=\"7cb7094\" data-element_type=\"widget\" data-e-type=\"widget\" data-widget_type=\"button.default\">\n\t\t\t\t\t\t\t\t\t\t<a class=\"elementor-button elementor-button-link elementor-size-sm elementor-animation-grow\" href=\"#elementor-action%3Aaction%3Dpopup%3Aopen%26settings%3DeyJpZCI6IjI5ODQiLCJ0b2dnbGUiOmZhbHNlfQ%3D%3D\">\n\t\t\t\t\t\t<span class=\"elementor-button-content-wrapper\">\n\t\t\t\t\t\t<span class=\"elementor-button-icon\">\n\t\t\t\t<i aria-hidden=\"true\" class=\"fas fa-arrow-right\"><\/i>\t\t\t<\/span>\n\t\t\t\t\t\t\t\t\t<span class=\"elementor-button-text\">Vorschau<\/span>\n\t\t\t\t\t<\/span>\n\t\t\t\t\t<\/a>\n\t\t\t\t\t\t\t\t<\/div>\n\t\t\t\t<\/div>\n\t\t\t\t<\/div>\n\t\t<div data-particle_enable=\"false\" data-particle-mobile-disabled=\"false\" class=\"elementor-element elementor-element-4b3dadf e-con-full e-flex e-con e-child\" data-id=\"4b3dadf\" data-element_type=\"container\" data-e-type=\"container\">\n\t\t<div data-particle_enable=\"false\" data-particle-mobile-disabled=\"false\" class=\"elementor-element elementor-element-f61d0d8 e-con-full e-flex e-con e-child\" data-id=\"f61d0d8\" data-element_type=\"container\" data-e-type=\"container\">\n\t\t\t\t<div class=\"elementor-element elementor-element-d1d65ad elementor-widget elementor-widget-image\" data-id=\"d1d65ad\" data-element_type=\"widget\" data-e-type=\"widget\" data-widget_type=\"image.default\">\n\t\t\t\t\t\t\t\t\t\t\t\t\t\t\t<img loading=\"lazy\" decoding=\"async\" width=\"1600\" height=\"821\" src=\"https:\/\/pinsportapp.info\/wp-content\/uploads\/2025\/11\/WhatsApp-Image-2025-11-27-at-9.42.17-PM.jpeg\" class=\"attachment-full size-full wp-image-2865\" alt=\"\" srcset=\"https:\/\/pinsportapp.info\/wp-content\/uploads\/2025\/11\/WhatsApp-Image-2025-11-27-at-9.42.17-PM.jpeg 1600w, https:\/\/pinsportapp.info\/wp-content\/uploads\/2025\/11\/WhatsApp-Image-2025-11-27-at-9.42.17-PM-300x154.jpeg 300w, https:\/\/pinsportapp.info\/wp-content\/uploads\/2025\/11\/WhatsApp-Image-2025-11-27-at-9.42.17-PM-1024x525.jpeg 1024w, https:\/\/pinsportapp.info\/wp-content\/uploads\/2025\/11\/WhatsApp-Image-2025-11-27-at-9.42.17-PM-768x394.jpeg 768w, https:\/\/pinsportapp.info\/wp-content\/uploads\/2025\/11\/WhatsApp-Image-2025-11-27-at-9.42.17-PM-1536x788.jpeg 1536w, https:\/\/pinsportapp.info\/wp-content\/uploads\/2025\/11\/WhatsApp-Image-2025-11-27-at-9.42.17-PM-18x9.jpeg 18w\" sizes=\"(max-width: 1600px) 100vw, 1600px\" \/>\t\t\t\t\t\t\t\t\t\t\t\t\t\t\t<\/div>\n\t\t\t\t<div class=\"elementor-element elementor-element-dd7ffbf elementor-widget elementor-widget-heading\" data-id=\"dd7ffbf\" data-element_type=\"widget\" data-e-type=\"widget\" data-widget_type=\"heading.default\">\n\t\t\t\t\t<h2 class=\"elementor-heading-title elementor-size-default\">Lokale Events entdecken<\/h2>\t\t\t\t<\/div>\n\t\t\t\t<div class=\"elementor-element elementor-element-4f17908 elementor-widget elementor-widget-text-editor\" data-id=\"4f17908\" data-element_type=\"widget\" data-e-type=\"widget\" data-widget_type=\"text-editor.default\">\n\t\t\t\t\t\t\t\t\t<p>Finde Turniere, Spiele, Meetups und Sportaktivit\u00e4ten in deiner N\u00e4he.<\/p>\t\t\t\t\t\t\t\t<\/div>\n\t\t\t\t<div class=\"elementor-element elementor-element-53c08d8 elementor-align-left elementor-widget elementor-widget-button\" data-id=\"53c08d8\" data-element_type=\"widget\" data-e-type=\"widget\" data-widget_type=\"button.default\">\n\t\t\t\t\t\t\t\t\t\t<a class=\"elementor-button elementor-button-link elementor-size-sm elementor-animation-grow\" href=\"#elementor-action%3Aaction%3Dpopup%3Aopen%26settings%3DeyJpZCI6IjI5ODgiLCJ0b2dnbGUiOmZhbHNlfQ%3D%3D\">\n\t\t\t\t\t\t<span class=\"elementor-button-content-wrapper\">\n\t\t\t\t\t\t<span class=\"elementor-button-icon\">\n\t\t\t\t<i aria-hidden=\"true\" class=\"fas fa-arrow-right\"><\/i>\t\t\t<\/span>\n\t\t\t\t\t\t\t\t\t<span class=\"elementor-button-text\">Vorschau<\/span>\n\t\t\t\t\t<\/span>\n\t\t\t\t\t<\/a>\n\t\t\t\t\t\t\t\t<\/div>\n\t\t\t\t<\/div>\n\t\t\t\t<\/div>\n\t\t\t\t\t<\/div>\n\t\t\t\t<\/div>\n\t\t\t\t<\/div>","protected":false},"excerpt":{"rendered":"<p>For Participants &amp; Athletes Show your skills. Join teams. Connect with the sports world. Athletes can present themselves professionally and discover endless opportunities in local sports. Key Features for Athletes Follow Clubs &amp; Players Stay updated on teams, events, and news. Preview Join Teams Easily Apply for open positions directly inside the app. Preview Track [&hellip;]<\/p>\n","protected":false},"author":1,"featured_media":0,"parent":0,"menu_order":0,"comment_status":"closed","ping_status":"closed","template":"","meta":{"inline_featured_image":false,"footnotes":""},"class_list":["post-2814","page","type-page","status-publish","hentry"],"_links":{"self":[{"href":"https:\/\/pinsportapp.info\/de\/wp-json\/wp\/v2\/pages\/2814","targetHints":{"allow":["GET"]}}],"collection":[{"href":"https:\/\/pinsportapp.info\/de\/wp-json\/wp\/v2\/pages"}],"about":[{"href":"https:\/\/pinsportapp.info\/de\/wp-json\/wp\/v2\/types\/page"}],"author":[{"embeddable":true,"href":"https:\/\/pinsportapp.info\/de\/wp-json\/wp\/v2\/users\/1"}],"replies":[{"embeddable":true,"href":"https:\/\/pinsportapp.info\/de\/wp-json\/wp\/v2\/comments?post=2814"}],"version-history":[{"count":7,"href":"https:\/\/pinsportapp.info\/de\/wp-json\/wp\/v2\/pages\/2814\/revisions"}],"predecessor-version":[{"id":2993,"href":"https:\/\/pinsportapp.info\/de\/wp-json\/wp\/v2\/pages\/2814\/revisions\/2993"}],"wp:attachment":[{"href":"https:\/\/pinsportapp.info\/de\/wp-json\/wp\/v2\/media?parent=2814"}],"curies":[{"name":"wp","href":"https:\/\/api.w.org\/{rel}","templated":true}]}}