{"id":3021,"date":"2025-12-01T09:08:54","date_gmt":"2025-12-01T09:08:54","guid":{"rendered":"https:\/\/pinsportapp.info\/?page_id=3021"},"modified":"2025-12-01T09:17:08","modified_gmt":"2025-12-01T09:17:08","slug":"terms","status":"publish","type":"page","link":"https:\/\/pinsportapp.info\/de\/terms\/","title":{"rendered":"Terms"},"content":{"rendered":"<div data-elementor-type=\"wp-page\" data-elementor-id=\"3021\" class=\"elementor elementor-3021\" data-elementor-post-type=\"page\">\n\t\t\t\t<div data-particle_enable=\"false\" data-particle-mobile-disabled=\"false\" class=\"elementor-element elementor-element-0a900ac e-flex e-con-boxed e-con e-parent\" data-id=\"0a900ac\" data-element_type=\"container\" data-e-type=\"container\" id=\"privacy\">\n\t\t\t\t\t<div class=\"e-con-inner\">\n\t\t\t\t<div class=\"elementor-element elementor-element-f52bf50 elementor-widget elementor-widget-text-editor\" data-id=\"f52bf50\" data-element_type=\"widget\" data-e-type=\"widget\" data-widget_type=\"text-editor.default\">\n\t\t\t\t\t\t\t\t\t<p>Nutzungsbedingungen<\/p>\t\t\t\t\t\t\t\t<\/div>\n\t\t\t\t\t<\/div>\n\t\t\t\t<\/div>\n\t\t<div data-particle_enable=\"false\" data-particle-mobile-disabled=\"false\" class=\"elementor-element elementor-element-d752e84 e-flex e-con-boxed e-con e-parent\" data-id=\"d752e84\" data-element_type=\"container\" data-e-type=\"container\">\n\t\t\t\t\t<div class=\"e-con-inner\">\n\t\t\t\t<div class=\"elementor-element elementor-element-d498165 elementor-widget elementor-widget-text-editor\" data-id=\"d498165\" data-element_type=\"widget\" data-e-type=\"widget\" data-widget_type=\"text-editor.default\">\n\t\t\t\t\t\t\t\t\t<p>November 2025<\/p><p><strong>1. Vertragsgegenstand<\/strong><br \/>PIN Sport APP ist ein internetbasierter, plattform\u00fcbergreifender Kommunikations- und<br \/>Kalenderdienst.<br \/>Die DailyFrame GmbH stellt den Dienst PIN Sport APP grunds\u00e4tzlich unentgeltlich zur<br \/>Verf\u00fcgung. Zus\u00e4tzliche Funktionalit\u00e4ten k\u00f6nnen mittels In-App-K\u00e4ufen entgeltlich erworben<br \/>werden, der sowohl als Webanwendung als auch f\u00fcr iOS- und Android-Ger\u00e4te verf\u00fcgbar ist.<\/p><p><strong>2. Geltungsbereich<\/strong><br \/>Diese Nutzungsbedingungen stellen einen rechtsg\u00fcltigen Vertrag zwischen dem Nutzer des<br \/>Dienstes \u00abPIN Sport APP\u00bb (nachfolgend \u00abKunde\u00bb genannt) und dem Anbieter des Dienstes,<br \/>namentlich der DailyFrame GmbH (nachfolgend \u00abDaily-Frame\u00bb oder \u00abAnbieter\u00bb) dar.<br \/>Diese Nutzungsbedingungen gelten f\u00fcr s\u00e4mtliche Rechte und Pflichten der Vertragspartner<br \/>im Rahmen der Nutzung des Dienstes \u00abPIN Sport APP\u00bb.<br \/>Abweichende Vereinbarungen zu einzelnen Bestimmungen bed\u00fcrfen zu ihrer G\u00fcltigkeit der<br \/>Schriftform.<\/p><p><strong>3. Nutzungsrechte<\/strong><br \/>Der Kunde erh\u00e4lt f\u00fcr die Dauer dieses Vertrages das nicht ausschliessliche, nicht<br \/>\u00fcbertragbare und nicht unterlizenzierbare Recht, den Dienst und die f\u00fcr die Nutzung des<br \/>Dienstes ben\u00f6tigte Software (nachfolgend \u00abApp\u00bb) im Rahmen dieses Vertragszwecks und in<br \/>Ber\u00fccksichtigung der vorliegenden Nutzungsbedingungen zu nutzen.<br \/>F\u00fcr die Nutzung des Dienstes erwirbt der Kunde Zugangsberechtigungen. F\u00fcr jeden Nutzer<br \/>des Dienstes ist eine g\u00fcltige Zugangsberechtigung erforderlich.<br \/>Nach erfolgreicher Registrierung erh\u00e4lt der Nutzer automatisch Zugang zum Dienst und<br \/>vergibt sein Passwort sowie weitere erforderliche Zugangsdaten selbst.<br \/>Alternativ k\u00f6nnen Zugangsdaten \u2013 sofern vereinbart \u2013 individuell pro Nutzer durch den<br \/>Anbieter bereitgestellt werden. Die f\u00fcr den Dienst erforderliche App ist \u00f6ffentlich und jederzeit<br \/>kostenlos verf\u00fcgbar. Die Aktivierung und Nutzung der App erfordert eine g\u00fcltige<br \/>Zugangsberechtigung. F\u00fcr jedes Ger\u00e4t, auf dem die App aktiviert wird, ist eine g\u00fcltige<br \/>Zugangsberechtigung erforderlich.<br \/>Der Kunde darf die App nur f\u00fcr den Betrieb am PIN Sport APP-Server im Rahmen von DailyFrame nutzen, ebenso darf der Dienst nur mit einer Software genutzt werden, die vom<br \/>Anbieter f\u00fcr die Nutzung am Dienst zugelassen wurde.<\/p><p><strong>4. Verpflichtungen des Kunden<\/strong><br \/>Der Kunde ist f\u00fcr die Nutzung des Dienstes sowie f\u00fcr die Einhaltung allf\u00e4lliger gesetzlicher<br \/>und\/oder regulatorischer Vorgaben verantwortlich.<br \/>Der Kunde ist insbesondere f\u00fcr die Vertraulichkeit, Zugangsdaten, Passw\u00f6rter usw. besorgt<br \/>und den unbefugten Zugriff Dritter zu verhindern.<br \/>Der Kunde verhindert eine unautorisierte Nutzung des Dienstes und wird PIN Sport APP sofort<br \/>\u00fcber unautorisierte Nutzung oder unautorisierten Zugriff informieren.<br \/>Der Kunde h\u00e4lt den Anbieter von etwaigen Anspr\u00fcchen Dritter schadlos, die wegen<br \/>schuldhafter Verletzung von Rechten Dritter durch den Nutzer oder wegen schuldhaften<br \/>gesetz- oder vertragswidrigen Verhaltens des Nutzers gegen den Anbieter geltend gemacht<br \/>werden.<br \/>Wir wollen keinen Schaden f\u00fcr PIN Sport APP oder f\u00fcr unsere Kunden. Kunden und Dritte<br \/>d\u00fcrfen die Dienste von PIN Sport APP nicht auf gesetzwidrige oder unberechtigte Weise,<br \/>welche PIN Sport APP, unsere Dienste, Systeme, Nutzer oder weitere belastet bzw. ihnen<br \/>schadet, nutzen, oder diese kopieren, anpassen, \u00e4ndern, verbreiten, lizenzieren,<br \/>unterlizenzieren, \u00fcbertragen, anzeigen, vorf\u00fchren oder anderweitig ausnutzen bzw. auf sie<br \/>zugreifen oder abgeleitete Werke auf ihrer Grundlage anfertigen (oder andere dabei<br \/>unterst\u00fctzen, dies zu tun). Hierzu geh\u00f6rt auch, dass der Kunde Folgendes weder direkt noch<br \/>\u00fcber automatisierte Mittel tun darf: (a) Code von unseren Diensten ver\u00e4ndern, modifizieren,<br \/>abgeleitete Versionen davon erstellen, dekompilieren oder extrahieren; (b) Viren oder<br \/>sonstigen sch\u00e4dlichen Computercode \u00fcber unsere Dienste versenden oder \u00fcbertragen bzw.<br \/>auf unseren Diensten speichern; (c) unberechtigten Zugriff auf unsere Dienste bzw. Systeme<br \/>erlangen oder dies versuchen; (d) die Integrit\u00e4t oder Leistung unserer Dienste st\u00f6ren oder<br \/>unterbrechen; (e) Konten f\u00fcr unsere Dienste \u00fcber nicht autorisierte oder automatisierte Mittel<br \/>erstellen; (f) Informationen von unseren bzw. \u00fcber unsere Nutzer auf irgendeine unzul\u00e4ssige<br \/>oder unberechtigte Art und Weise sammeln; (g) unsere Dienste verkaufen, weiterverkaufen,<br \/>vermieten bzw. Geb\u00fchren f\u00fcr sie berechnen.<br \/>Um auf unsere Vertrags- und Nutzungsbedingung sowie Datenschutzerkl\u00e4rung in einer<br \/>anderen Sprache zugreifen zu k\u00f6nnen, muss der Kunde dazu in seinen PIN Sport APPAccount die Sprache anpassen. Falls unsere Bedingungen in der vom Kunden ausgew\u00e4hlten<br \/>Sprache nicht vorhanden sind, wird standardm\u00e4ssig die Version auf Deutsch angezeigt. Im<br \/>Zweifelsfall geht die Fassung der \u00abNutzungsbedingungen und Datenschutzerkl\u00e4rung\u00bb in<br \/>deutscher Sprache den Fassungen in anderen Sprachen vor.<\/p><p><strong>5. Leistungen des Anbieters<\/strong><br \/>Der Anbieter erbringt die Leistungen im Rahmen des Dienstes nach aktuellem Stand der<br \/>Technik.<br \/>Insbesondere ist der Anbieter bem\u00fcht, alle ihm zur Bef\u00f6rderung \u00fcbergebenen Nachrichten<br \/>ohne Verz\u00f6gerung auszuliefern.<br \/>Der Anbieter entwickelt die Software und den Dienst kontinuierlich weiter. Neue Funktionen<br \/>k\u00f6nnen dabei eingef\u00fchrt und bestehende durch neue ersetzt oder ohne Ersatz entfernt<br \/>werden.<br \/>Dem Kunden stehen verschiedene Produkte zur Auswahl, die sich in Leistungs- und<br \/>Serviceumfang unterscheiden. Neben dem kostenlosen Basisangebot bietet der Anbieter die<br \/>kostenpflichtigen Premium- und Platinum-Pakete an, welche zus\u00e4tzliche Funktionen<br \/>enthalten. Diese k\u00f6nnen \u00fcber die Webplattform erworben werden und sind f\u00fcr die<br \/>Nutzer monatlich k\u00fcndbar. Der Anbieter ist verpflichtet, die in den Lizenzpaketen definierten<br \/>Leistungselemente zu liefern. Der Anbieter beh\u00e4lt sich aber das Recht vor, den<br \/>Leistungsumfang jederzeit zu erg\u00e4nzen oder gegebenenfalls anzupassen. Bei einem<br \/>schuldhaften Verstoss gegen gesetzliche Vorschriften oder diese Nutzungsbedingungen<br \/>durch den Kunden oder einen ihm zurechenbaren Nutzer oder Dritten ist der Anbieter<br \/>berechtigt, die Dienste vor\u00fcbergehend ganz oder teilweise zu sperren.<br \/>PIN Sport APP versucht gegen Cyberangriffe und Hackerattacken bestm\u00f6gliche<br \/>Schutzvorkehrungen zu treffen. F\u00fcr Schaden, der dem Nutzer durch unerlaubtes Eindringen<br \/>in unser System entsteht, \u00fcbernimmt PIN Sport APP keine Haftung.<br \/>Verst\u00f6sst der Dienst oder die Nutzung von PIN Sport APP in einem Land gegen das<br \/>lokale Recht oder Vorschriften, halten wir uns das Recht vor, unsere Dienste in diesem<br \/>Land einzuschr\u00e4nken.<\/p><p><strong>6. Geb\u00fchren und Zahlung<\/strong><br \/>Die Bezahlung der Nutzungsgeb\u00fchren erfolgt im Voraus. Im Fall von wiederkehrenden<br \/>Geb\u00fchren erfolgt die Rechnungsstellung j\u00e4hrlich oder monatlich je nach Nutzungspaket.<br \/>Die aktuell g\u00fcltige Geb\u00fchrentabelle kann jeweils der Website von PIN Sport APP entnommen<br \/>werden. Der Anbieter beh\u00e4lt sich vor, die Geb\u00fchren und\/oder Tarifstufen jederzeit an<br \/>ver\u00e4nderte Bedingungen anzupassen.<br \/>Geb\u00fchren sind nicht r\u00fcckerstattbar, ausser wenn vom Gesetz verlangt. Der Kunde ist<br \/>verpflichtet, alle n\u00f6tigen Angaben f\u00fcr die Zahlung korrekt anzugeben. PIN Sport APP kann<br \/>den Dienst f\u00fcr den Kunden deaktivieren oder einstellen, wenn Zahlungen ausstehen.<br \/>Der Kunde ist f\u00fcr die korrekte Abgeltung jeglicher Steuern verantwortlich. PIN Sport APP wird<br \/>Steuern dort erheben und einziehen, wo dies gesetzlich verlangt wird.<\/p><p><strong>7. Vertragslaufzeit, K\u00fcndigung<\/strong><br \/>Der Vertrag wird auf unbestimmte Zeit abgeschlossen. Beide Parteien k\u00f6nnen das<br \/>Vertragsverh\u00e4ltnis jederzeit unter Einhaltung einer K\u00fcndigungsfrist von 1 Monat oder wie im<br \/>jeweiligen Vertragspaket beschrieben schriftlich k\u00fcndigen.<br \/>Bei einer Paket-Upgrade von Premium auf Platinum wird f\u00fcr den verbleibenden<br \/>Abrechnungszeitraum lediglich die Geb\u00fchren-Differenz berechnet. Bei einer Downgrade von<br \/>Platinum auf ein niedrigeres Paket erfolgt keine R\u00fcckerstattung bereits bezahlter Geb\u00fchren.<br \/>Eine R\u00fcckzahlung bereits gezahlter Geb\u00fchren bei vorzeitigem Vertragsende ist<br \/>ausgeschlossen.<\/p><p><strong>8. Datenschutz und Sicherheit<\/strong><br \/>Personenbezogene Daten, die im Rahmen der Nutzung des Dienstes erhoben werden,<br \/>werden ausschliesslich in Einklang mit dem Bundesgesetz \u00fcber Datenschutz (DSG), weiteren<br \/>relevanten gesetzlichen Bestimmungen, der EU-Verordnung 2016\/679 (DSGVO) sowie nach<br \/>Massgabe unserer Datenschutzerkl\u00e4rungen verarbeitet (webbasierter Dienst, nutzbar \u00fcber<br \/>Desktop-, Laptop- und Mobilger\u00e4te, einschliesslich Android- und iOS-Apps).<br \/>Der Anbieter verarbeitet die Daten in \u00dcbereinstimmung mit der relevanten Gesetzgebung.<br \/>Der Nutzer verpflichtet sich seinerseits, die gesetzlichen Bestimmungen in Bezug auf den<br \/>Umgang mit personenbezogenen Daten vollumf\u00e4nglich einzuhalten.<\/p><p><strong>9. Haftung und Haftungsbeschr\u00e4nkungen<\/strong><br \/>Der Anbieter stellt sicher, dass die Software bei vertragsgem\u00e4sser Nutzung im Wesentlichen<br \/>die vereinbarten Funktionen erf\u00fcllt.<br \/>Eine Haftung f\u00fcr ununterbrochene Verf\u00fcgbarkeit oder f\u00fcr Datenverluste, die nicht vom<br \/>Anbieter verschuldet sind, ist ausgeschlossen.<br \/>Der Anbieter \u00fcbernimmt keine Gew\u00e4hr f\u00fcr Daten, Inhalte oder Ergebnisse, die von Dritten<br \/>stammen.<br \/>Die Zustellung von Direktnachrichten im Internet und speziell auf Mobilger\u00e4te kann durch<br \/>Umst\u00e4nde verz\u00f6gert oder verunm\u00f6glicht werden, die sich ausserhalb der Kontrolle des<br \/>Anbieters befinden. Dazu z\u00e4hlen (nicht abschliessende Aufz\u00e4hlung): Kein Empfang, keine<br \/>Verbindung zum Internet oder zum Dienst, Internet-St\u00f6rungen jedweder Art (Routing, DNS,<br \/>usw.), Hard- und Softwarefehler von Empfangs- und Netzwerkger\u00e4ten, DDoS-Attacken.<br \/>Jegliche Haftung oder Entsch\u00e4digungspflicht bei eingeschr\u00e4nkter Nutzbarkeit des Dienstes<br \/>durch die vorstehend genannten Gr\u00fcnde, wird durch den Anbieter ausdr\u00fccklich<br \/>wegbedungen.<br \/>Unter keinen Umst\u00e4nden kann der Anbieter f\u00fcr Sch\u00e4den an Kunden oder Dritten haftbar<br \/>gemacht werden, die sich durch die Nutzung oder Unm\u00f6glichkeit der Nutzung des Dienstes<br \/>oder der Software ergeben. Anspr\u00fcche auf Schadenersatz sind in allen F\u00e4llen<br \/>ausgeschlossen.<br \/>Notdienstleistungen: PIN Sport APP bietet keinen Zugriff auf Notdienste (unteranderem<br \/>Polizei, Feuerwehr, Ambulanz). Nutzer sollten also sicherstellen, dass sie diese<br \/>Notfallkontakte \u00fcber einen sicheren Mobilfunk-, Festnetz- oder andere Dienst erreichen<br \/>k\u00f6nnen.<\/p><p><strong>10. Geistiges Eigentum<\/strong><br \/>Alle Rechte an der Software, einschliesslich Konzept, Design, Quellcode, Logos und Marken,<br \/>verbleiben beim Anbieter oder den berechtigten Dritten.<\/p><p><strong>11. Erstellung und Nutzung von Services<\/strong><br \/>Nutzer mit Premium- oder Platinum-Paket k\u00f6nnen sportbezogene Services (z. B. 1:1-<br \/>Training, Coaching) erstellen und anbieten. Diese Services sind f\u00fcr alle Nutzer, auch im<br \/>kostenlosen Modell, sichtbar. Nutzer k\u00f6nnen Terminanfragen stellen. Eine Anfrage gilt nicht<br \/>als verbindliche Buchung, sondern lediglich als Interessenbekundung.<br \/>Die endg\u00fcltige Vereinbarung eines Termins sowie die Bezahlung erfolgen ausschliesslich<br \/>direkt zwischen Anbieter und Nutzer und nicht \u00fcber die Plattform.<br \/>PIN Sport APP \u00fcbernimmt keine Haftung f\u00fcr das Zustandekommen, die Durchf\u00fchrung oder<br \/>die Bezahlung eines Services.<\/p><p><strong>12. Schlussbestimmungen<\/strong><br \/>Der Anbieter kann diese Nutzungsbedingungen gegebenenfalls \u00e4ndern. Der Kunde wird \u00fcber<br \/>allf\u00e4llige \u00c4nderungen auf seiner Administrationsseite von PIN Sport APP informiert. Ohne<br \/>gegenteilige Nachricht des Nutzers, gelten die ge\u00e4nderten Nutzungsbedingungen nach einer<br \/>Frist von 30 Tagen als akzeptiert.<br \/>Sollten eine oder mehrere Regelungen dieser Gesch\u00e4ftsbedingungen unwirksam sein, so<br \/>zieht dies nicht die Unwirksamkeit des gesamten Vertrages nach sich. Die unwirksame<br \/>Regelung wird durch die einschl\u00e4gige gesetzliche Regelung ersetzt.<br \/>Es gilt Schweizer Recht, unter Ausschluss des UN-Kaufrechts sowie dem Kollisionsrecht.<br \/>Gerichtsstand ist das zust\u00e4ndige Gericht am Sitz des Anbieters \u2013 Basel-Stadt, Schweiz.<\/p>\t\t\t\t\t\t\t\t<\/div>\n\t\t\t\t\t<\/div>\n\t\t\t\t<\/div>\n\t\t\t\t<\/div>","protected":false},"excerpt":{"rendered":"<p>Nutzungsbedingungen November 2025 1. VertragsgegenstandPIN Sport APP ist ein internetbasierter, plattform\u00fcbergreifender Kommunikations- undKalenderdienst.Die DailyFrame GmbH stellt den Dienst PIN Sport APP grunds\u00e4tzlich unentgeltlich zurVerf\u00fcgung. Zus\u00e4tzliche Funktionalit\u00e4ten k\u00f6nnen mittels In-App-K\u00e4ufen entgeltlich erworbenwerden, der sowohl als Webanwendung als auch f\u00fcr iOS- und Android-Ger\u00e4te verf\u00fcgbar ist. 2. GeltungsbereichDiese Nutzungsbedingungen stellen einen rechtsg\u00fcltigen Vertrag zwischen dem Nutzer desDienstes \u00abPIN [&hellip;]<\/p>\n","protected":false},"author":1,"featured_media":0,"parent":0,"menu_order":0,"comment_status":"closed","ping_status":"closed","template":"","meta":{"inline_featured_image":false,"footnotes":""},"class_list":["post-3021","page","type-page","status-publish","hentry"],"_links":{"self":[{"href":"https:\/\/pinsportapp.info\/de\/wp-json\/wp\/v2\/pages\/3021","targetHints":{"allow":["GET"]}}],"collection":[{"href":"https:\/\/pinsportapp.info\/de\/wp-json\/wp\/v2\/pages"}],"about":[{"href":"https:\/\/pinsportapp.info\/de\/wp-json\/wp\/v2\/types\/page"}],"author":[{"embeddable":true,"href":"https:\/\/pinsportapp.info\/de\/wp-json\/wp\/v2\/users\/1"}],"replies":[{"embeddable":true,"href":"https:\/\/pinsportapp.info\/de\/wp-json\/wp\/v2\/comments?post=3021"}],"version-history":[{"count":4,"href":"https:\/\/pinsportapp.info\/de\/wp-json\/wp\/v2\/pages\/3021\/revisions"}],"predecessor-version":[{"id":3025,"href":"https:\/\/pinsportapp.info\/de\/wp-json\/wp\/v2\/pages\/3021\/revisions\/3025"}],"wp:attachment":[{"href":"https:\/\/pinsportapp.info\/de\/wp-json\/wp\/v2\/media?parent=3021"}],"curies":[{"name":"wp","href":"https:\/\/api.w.org\/{rel}","templated":true}]}}