{"id":3098,"date":"2026-01-26T18:08:05","date_gmt":"2026-01-26T18:08:05","guid":{"rendered":"https:\/\/pinsportapp.info\/?page_id=3098"},"modified":"2026-03-12T14:20:47","modified_gmt":"2026-03-12T14:20:47","slug":"team","status":"publish","type":"page","link":"https:\/\/pinsportapp.info\/de\/team\/","title":{"rendered":"Team"},"content":{"rendered":"<div data-elementor-type=\"wp-page\" data-elementor-id=\"3098\" class=\"elementor elementor-3098\" data-elementor-post-type=\"page\">\n\t\t\t\t<div data-particle_enable=\"false\" data-particle-mobile-disabled=\"false\" class=\"elementor-element elementor-element-31b2dd6 e-flex e-con-boxed e-con e-parent\" data-id=\"31b2dd6\" data-element_type=\"container\" data-e-type=\"container\" data-settings=\"{&quot;background_background&quot;:&quot;classic&quot;}\">\n\t\t\t\t\t<div class=\"e-con-inner\">\n\t\t\t\t<div class=\"elementor-element elementor-element-749f542 elementor-widget elementor-widget-heading\" data-id=\"749f542\" data-element_type=\"widget\" data-e-type=\"widget\" data-widget_type=\"heading.default\">\n\t\t\t\t\t<h2 class=\"elementor-heading-title elementor-size-default\">Unser Team<\/h2>\t\t\t\t<\/div>\n\t\t\t\t\t<\/div>\n\t\t\t\t<\/div>\n\t\t<div data-particle_enable=\"false\" data-particle-mobile-disabled=\"false\" class=\"elementor-element elementor-element-68b859f1 e-flex e-con-boxed e-con e-parent\" data-id=\"68b859f1\" data-element_type=\"container\" data-e-type=\"container\" data-settings=\"{&quot;background_background&quot;:&quot;classic&quot;}\">\n\t\t\t\t\t<div class=\"e-con-inner\">\n\t\t<div data-particle_enable=\"false\" data-particle-mobile-disabled=\"false\" class=\"elementor-element elementor-element-7db5ff3 e-con-full e-flex e-con e-child\" data-id=\"7db5ff3\" data-element_type=\"container\" data-e-type=\"container\">\n\t\t<div data-particle_enable=\"false\" data-particle-mobile-disabled=\"false\" class=\"elementor-element elementor-element-feae67c e-con-full e-flex e-con e-child\" data-id=\"feae67c\" data-element_type=\"container\" data-e-type=\"container\">\n\t\t\t\t<div class=\"elementor-element elementor-element-4dcfbf2b elementor-widget elementor-widget-image\" data-id=\"4dcfbf2b\" data-element_type=\"widget\" data-e-type=\"widget\" data-widget_type=\"image.default\">\n\t\t\t\t\t\t\t\t\t\t\t\t\t\t\t<img fetchpriority=\"high\" decoding=\"async\" width=\"446\" height=\"559\" src=\"https:\/\/pinsportapp.info\/wp-content\/uploads\/2026\/01\/6-2.png\" class=\"attachment-large size-large wp-image-3109\" alt=\"\" srcset=\"https:\/\/pinsportapp.info\/wp-content\/uploads\/2026\/01\/6-2.png 446w, https:\/\/pinsportapp.info\/wp-content\/uploads\/2026\/01\/6-2-239x300.png 239w, https:\/\/pinsportapp.info\/wp-content\/uploads\/2026\/01\/6-2-10x12.png 10w\" sizes=\"(max-width: 446px) 100vw, 446px\" \/>\t\t\t\t\t\t\t\t\t\t\t\t\t\t\t<\/div>\n\t\t\t\t<\/div>\n\t\t<div data-particle_enable=\"false\" data-particle-mobile-disabled=\"false\" class=\"elementor-element elementor-element-3cd679df e-con-full e-flex e-con e-child\" data-id=\"3cd679df\" data-element_type=\"container\" data-e-type=\"container\">\n\t\t\t\t<div class=\"elementor-element elementor-element-1d4ebe5e elementor-widget elementor-widget-heading\" data-id=\"1d4ebe5e\" data-element_type=\"widget\" data-e-type=\"widget\" data-widget_type=\"heading.default\">\n\t\t\t\t\t<h2 class=\"elementor-heading-title elementor-size-default\">Mahmudul<\/h2>\t\t\t\t<\/div>\n\t\t\t\t<div class=\"elementor-element elementor-element-40e7244f elementor-widget elementor-widget-heading\" data-id=\"40e7244f\" data-element_type=\"widget\" data-e-type=\"widget\" data-widget_type=\"heading.default\">\n\t\t\t\t\t<h2 class=\"elementor-heading-title elementor-size-default\">Mitgr\u00fcnder<\/h2>\t\t\t\t<\/div>\n\t\t\t\t<div class=\"elementor-element elementor-element-9ab61ad elementor-widget elementor-widget-heading\" data-id=\"9ab61ad\" data-element_type=\"widget\" data-e-type=\"widget\" data-widget_type=\"heading.default\">\n\t\t\t\t\t<h2 class=\"elementor-heading-title elementor-size-default\">Technical Lead \u2013 Product Development<\/h2>\t\t\t\t<\/div>\n\t\t\t\t<\/div>\n\t\t\t\t<\/div>\n\t\t<div data-particle_enable=\"false\" data-particle-mobile-disabled=\"false\" class=\"elementor-element elementor-element-4cd9307 e-con-full e-flex e-con e-child\" data-id=\"4cd9307\" data-element_type=\"container\" data-e-type=\"container\">\n\t\t<div data-particle_enable=\"false\" data-particle-mobile-disabled=\"false\" class=\"elementor-element elementor-element-4cdd2c5a e-con-full e-flex e-con e-child\" data-id=\"4cdd2c5a\" data-element_type=\"container\" data-e-type=\"container\">\n\t\t\t\t<div class=\"elementor-element elementor-element-33a3306f elementor-widget elementor-widget-image\" data-id=\"33a3306f\" data-element_type=\"widget\" data-e-type=\"widget\" data-widget_type=\"image.default\">\n\t\t\t\t\t\t\t\t\t\t\t\t\t\t\t<img decoding=\"async\" width=\"446\" height=\"559\" src=\"https:\/\/pinsportapp.info\/wp-content\/uploads\/2026\/01\/2-3.png\" class=\"attachment-full size-full wp-image-3101\" alt=\"\" srcset=\"https:\/\/pinsportapp.info\/wp-content\/uploads\/2026\/01\/2-3.png 446w, https:\/\/pinsportapp.info\/wp-content\/uploads\/2026\/01\/2-3-239x300.png 239w, https:\/\/pinsportapp.info\/wp-content\/uploads\/2026\/01\/2-3-10x12.png 10w\" sizes=\"(max-width: 446px) 100vw, 446px\" \/>\t\t\t\t\t\t\t\t\t\t\t\t\t\t\t<\/div>\n\t\t\t\t<\/div>\n\t\t<div data-particle_enable=\"false\" data-particle-mobile-disabled=\"false\" class=\"elementor-element elementor-element-4e842ca9 e-con-full e-flex e-con e-child\" data-id=\"4e842ca9\" data-element_type=\"container\" data-e-type=\"container\">\n\t\t\t\t<div class=\"elementor-element elementor-element-61949395 elementor-widget elementor-widget-heading\" data-id=\"61949395\" data-element_type=\"widget\" data-e-type=\"widget\" data-widget_type=\"heading.default\">\n\t\t\t\t\t<h2 class=\"elementor-heading-title elementor-size-default\">Pearl<\/h2>\t\t\t\t<\/div>\n\t\t\t\t<div class=\"elementor-element elementor-element-33955c3b elementor-widget elementor-widget-heading\" data-id=\"33955c3b\" data-element_type=\"widget\" data-e-type=\"widget\" data-widget_type=\"heading.default\">\n\t\t\t\t\t<h2 class=\"elementor-heading-title elementor-size-default\">Gr\u00fcnderin<\/h2>\t\t\t\t<\/div>\n\t\t\t\t<div class=\"elementor-element elementor-element-2077f2c7 elementor-widget elementor-widget-heading\" data-id=\"2077f2c7\" data-element_type=\"widget\" data-e-type=\"widget\" data-widget_type=\"heading.default\">\n\t\t\t\t\t<h2 class=\"elementor-heading-title elementor-size-default\">Business Development &amp; Partnerships<\/h2>\t\t\t\t<\/div>\n\t\t\t\t<div class=\"elementor-element elementor-element-a4e877e elementor-widget elementor-widget-eael-logo-carousel\" data-id=\"a4e877e\" data-element_type=\"widget\" data-e-type=\"widget\" data-settings=\"{&quot;items_mobile&quot;:{&quot;unit&quot;:&quot;px&quot;,&quot;size&quot;:3,&quot;sizes&quot;:[]},&quot;items&quot;:{&quot;unit&quot;:&quot;px&quot;,&quot;size&quot;:3,&quot;sizes&quot;:[]},&quot;items_tablet&quot;:{&quot;unit&quot;:&quot;px&quot;,&quot;size&quot;:2,&quot;sizes&quot;:[]}}\" data-widget_type=\"eael-logo-carousel.default\">\n\t\t\t\t\t        <div class=\"swiper-container-wrap eael-logo-carousel-wrap\">\n            <div class=\"swiper swiper-8 eael-logo-carousel swiper-container-a4e877e\" data-pagination=\".swiper-pagination-a4e877e\" data-arrow-next=\".swiper-button-next-a4e877e\" data-arrow-prev=\".swiper-button-prev-a4e877e\" data-items-mobile=\"3\" data-margin-mobile=\"10\" data-items-tablet=\"2\" data-items=\"3\" data-margin=\"10\" data-effect=\"slide\" data-speed=\"400\" data-autoplay=\"999999\">\n                <div class=\"swiper-wrapper\">\n\t\t\t\t\t                            <div class=\"swiper-slide\">\n                                <div class=\"eael-lc-logo-wrap\">\n\t\t\t\t\t\t\t\t\t                                    <div id=\"eael-lc-logo-c02293c\" class=\"eael-lc-logo\">\n\t\t\t\t\t\t\t\t\t\t<img decoding=\"async\" class=\"eael-lc-img-src\" src=\"https:\/\/pinsportapp.info\/wp-content\/uploads\/2026\/01\/start-up-1.png\" alt=\"\">                                    <\/div>\n\t\t\t\t\t\t\t\t\t                                <\/div>\n                            <\/div>\n\t\t\t\t\t\t                            <div class=\"swiper-slide\">\n                                <div class=\"eael-lc-logo-wrap\">\n\t\t\t\t\t\t\t\t\t                                    <div id=\"eael-lc-logo-9f98b68\" class=\"eael-lc-logo\">\n\t\t\t\t\t\t\t\t\t\t<img decoding=\"async\" class=\"eael-lc-img-src\" src=\"https:\/\/pinsportapp.info\/wp-content\/uploads\/2026\/01\/1-3.png\" alt=\"\">                                    <\/div>\n\t\t\t\t\t\t\t\t\t                                <\/div>\n                            <\/div>\n\t\t\t\t\t\t                            <div class=\"swiper-slide\">\n                                <div class=\"eael-lc-logo-wrap\">\n\t\t\t\t\t\t\t\t\t                                    <div id=\"eael-lc-logo-e7069ad\" class=\"eael-lc-logo\">\n\t\t\t\t\t\t\t\t\t\t<img decoding=\"async\" class=\"eael-lc-img-src\" src=\"https:\/\/pinsportapp.info\/wp-content\/uploads\/2026\/01\/talent.png\" alt=\"\">                                    <\/div>\n\t\t\t\t\t\t\t\t\t                                <\/div>\n                            <\/div>\n\t\t\t\t\t\t                <\/div>\n            <\/div>\n\t\t\t        <\/div>\n\t\t\t\t\t\t<\/div>\n\t\t\t\t<\/div>\n\t\t\t\t<\/div>\n\t\t\t\t\t<\/div>\n\t\t\t\t<\/div>\n\t\t<div data-particle_enable=\"false\" data-particle-mobile-disabled=\"false\" class=\"elementor-element elementor-element-671d2d4 e-flex e-con-boxed e-con e-parent\" data-id=\"671d2d4\" data-element_type=\"container\" data-e-type=\"container\" data-settings=\"{&quot;background_background&quot;:&quot;classic&quot;}\">\n\t\t\t\t\t<div class=\"e-con-inner\">\n\t\t<div data-particle_enable=\"false\" data-particle-mobile-disabled=\"false\" class=\"elementor-element elementor-element-b52ed40 e-con-full e-flex e-con e-child\" data-id=\"b52ed40\" data-element_type=\"container\" data-e-type=\"container\">\n\t\t<div data-particle_enable=\"false\" data-particle-mobile-disabled=\"false\" class=\"elementor-element elementor-element-94c8668 e-con-full e-flex e-con e-child\" data-id=\"94c8668\" data-element_type=\"container\" data-e-type=\"container\">\n\t\t\t\t<div class=\"elementor-element elementor-element-0539fa4 elementor-widget elementor-widget-image\" data-id=\"0539fa4\" data-element_type=\"widget\" data-e-type=\"widget\" data-widget_type=\"image.default\">\n\t\t\t\t\t\t\t\t\t\t\t\t\t\t\t<img decoding=\"async\" width=\"446\" height=\"559\" src=\"https:\/\/pinsportapp.info\/wp-content\/uploads\/2026\/01\/4-3.png\" class=\"attachment-large size-large wp-image-3107\" alt=\"\" srcset=\"https:\/\/pinsportapp.info\/wp-content\/uploads\/2026\/01\/4-3.png 446w, https:\/\/pinsportapp.info\/wp-content\/uploads\/2026\/01\/4-3-239x300.png 239w, https:\/\/pinsportapp.info\/wp-content\/uploads\/2026\/01\/4-3-10x12.png 10w\" sizes=\"(max-width: 446px) 100vw, 446px\" \/>\t\t\t\t\t\t\t\t\t\t\t\t\t\t\t<\/div>\n\t\t\t\t<\/div>\n\t\t<div data-particle_enable=\"false\" data-particle-mobile-disabled=\"false\" class=\"elementor-element elementor-element-e2380ae e-con-full e-flex e-con e-child\" data-id=\"e2380ae\" data-element_type=\"container\" data-e-type=\"container\">\n\t\t\t\t<div class=\"elementor-element elementor-element-6fa1011 elementor-widget elementor-widget-heading\" data-id=\"6fa1011\" data-element_type=\"widget\" data-e-type=\"widget\" data-widget_type=\"heading.default\">\n\t\t\t\t\t<h2 class=\"elementor-heading-title elementor-size-default\">Maxence<\/h2>\t\t\t\t<\/div>\n\t\t\t\t<div class=\"elementor-element elementor-element-87c3f97 elementor-widget elementor-widget-heading\" data-id=\"87c3f97\" data-element_type=\"widget\" data-e-type=\"widget\" data-widget_type=\"heading.default\">\n\t\t\t\t\t<h2 class=\"elementor-heading-title elementor-size-default\">AI-Model &amp; ML <\/h2>\t\t\t\t<\/div>\n\t\t\t\t<div class=\"elementor-element elementor-element-f12d904 elementor-widget elementor-widget-eael-logo-carousel\" data-id=\"f12d904\" data-element_type=\"widget\" data-e-type=\"widget\" data-settings=\"{&quot;items_mobile&quot;:{&quot;unit&quot;:&quot;px&quot;,&quot;size&quot;:2,&quot;sizes&quot;:[]},&quot;items&quot;:{&quot;unit&quot;:&quot;px&quot;,&quot;size&quot;:3,&quot;sizes&quot;:[]},&quot;items_tablet&quot;:{&quot;unit&quot;:&quot;px&quot;,&quot;size&quot;:2,&quot;sizes&quot;:[]}}\" data-widget_type=\"eael-logo-carousel.default\">\n\t\t\t\t\t        <div class=\"swiper-container-wrap eael-logo-carousel-wrap\">\n            <div class=\"swiper swiper-8 eael-logo-carousel swiper-container-f12d904\" data-pagination=\".swiper-pagination-f12d904\" data-arrow-next=\".swiper-button-next-f12d904\" data-arrow-prev=\".swiper-button-prev-f12d904\" data-items-mobile=\"2\" data-margin-mobile=\"10\" data-items-tablet=\"2\" data-items=\"3\" data-margin=\"10\" data-effect=\"slide\" data-speed=\"400\" data-autoplay=\"999999\">\n                <div class=\"swiper-wrapper\">\n\t\t\t\t\t                            <div class=\"swiper-slide\">\n                                <div class=\"eael-lc-logo-wrap\">\n\t\t\t\t\t\t\t\t\t                                    <div id=\"eael-lc-logo-c02293c\" class=\"eael-lc-logo\">\n\t\t\t\t\t\t\t\t\t\t<img decoding=\"async\" class=\"eael-lc-img-src\" src=\"https:\/\/pinsportapp.info\/wp-content\/uploads\/2026\/01\/2-4.png\" alt=\"\">                                    <\/div>\n\t\t\t\t\t\t\t\t\t                                <\/div>\n                            <\/div>\n\t\t\t\t\t\t                            <div class=\"swiper-slide\">\n                                <div class=\"eael-lc-logo-wrap\">\n\t\t\t\t\t\t\t\t\t                                    <div id=\"eael-lc-logo-38b7cb1\" class=\"eael-lc-logo\">\n\t\t\t\t\t\t\t\t\t\t<img decoding=\"async\" class=\"eael-lc-img-src\" src=\"https:\/\/pinsportapp.info\/wp-content\/uploads\/2026\/01\/talent.png\" alt=\"\">                                    <\/div>\n\t\t\t\t\t\t\t\t\t                                <\/div>\n                            <\/div>\n\t\t\t\t\t\t                <\/div>\n            <\/div>\n\t\t\t        <\/div>\n\t\t\t\t\t\t<\/div>\n\t\t\t\t<\/div>\n\t\t\t\t<\/div>\n\t\t<div data-particle_enable=\"false\" data-particle-mobile-disabled=\"false\" class=\"elementor-element elementor-element-2b09d8b e-con-full e-flex e-con e-child\" data-id=\"2b09d8b\" data-element_type=\"container\" data-e-type=\"container\">\n\t\t<div data-particle_enable=\"false\" data-particle-mobile-disabled=\"false\" class=\"elementor-element elementor-element-bb5814c e-con-full e-flex e-con e-child\" data-id=\"bb5814c\" data-element_type=\"container\" data-e-type=\"container\">\n\t\t\t\t<div class=\"elementor-element elementor-element-f62162c elementor-widget elementor-widget-image\" data-id=\"f62162c\" data-element_type=\"widget\" data-e-type=\"widget\" data-widget_type=\"image.default\">\n\t\t\t\t\t\t\t\t\t\t\t\t\t\t\t<img loading=\"lazy\" decoding=\"async\" width=\"446\" height=\"559\" src=\"https:\/\/pinsportapp.info\/wp-content\/uploads\/2026\/01\/pin-team.png\" class=\"attachment-full size-full wp-image-3113\" alt=\"\" srcset=\"https:\/\/pinsportapp.info\/wp-content\/uploads\/2026\/01\/pin-team.png 446w, https:\/\/pinsportapp.info\/wp-content\/uploads\/2026\/01\/pin-team-239x300.png 239w, https:\/\/pinsportapp.info\/wp-content\/uploads\/2026\/01\/pin-team-10x12.png 10w\" sizes=\"(max-width: 446px) 100vw, 446px\" \/>\t\t\t\t\t\t\t\t\t\t\t\t\t\t\t<\/div>\n\t\t\t\t<\/div>\n\t\t<div data-particle_enable=\"false\" data-particle-mobile-disabled=\"false\" class=\"elementor-element elementor-element-0f81c88 e-con-full e-flex e-con e-child\" data-id=\"0f81c88\" data-element_type=\"container\" data-e-type=\"container\">\n\t\t\t\t<div class=\"elementor-element elementor-element-334f779 elementor-widget elementor-widget-heading\" data-id=\"334f779\" data-element_type=\"widget\" data-e-type=\"widget\" data-widget_type=\"heading.default\">\n\t\t\t\t\t<h2 class=\"elementor-heading-title elementor-size-default\">Etnik<\/h2>\t\t\t\t<\/div>\n\t\t\t\t<div class=\"elementor-element elementor-element-85e72d7 elementor-widget elementor-widget-heading\" data-id=\"85e72d7\" data-element_type=\"widget\" data-e-type=\"widget\" data-widget_type=\"heading.default\">\n\t\t\t\t\t<h2 class=\"elementor-heading-title elementor-size-default\">Partnerships &amp; Marketing\n<\/h2>\t\t\t\t<\/div>\n\t\t\t\t<div class=\"elementor-element elementor-element-89365be elementor-widget elementor-widget-eael-logo-carousel\" data-id=\"89365be\" data-element_type=\"widget\" data-e-type=\"widget\" data-settings=\"{&quot;items&quot;:{&quot;unit&quot;:&quot;px&quot;,&quot;size&quot;:3,&quot;sizes&quot;:[]},&quot;items_tablet&quot;:{&quot;unit&quot;:&quot;px&quot;,&quot;size&quot;:2,&quot;sizes&quot;:[]},&quot;items_mobile&quot;:{&quot;unit&quot;:&quot;px&quot;,&quot;size&quot;:1,&quot;sizes&quot;:[]}}\" data-widget_type=\"eael-logo-carousel.default\">\n\t\t\t\t\t        <div class=\"swiper-container-wrap eael-logo-carousel-wrap\">\n            <div class=\"swiper swiper-8 eael-logo-carousel swiper-container-89365be\" data-pagination=\".swiper-pagination-89365be\" data-arrow-next=\".swiper-button-next-89365be\" data-arrow-prev=\".swiper-button-prev-89365be\" data-items-mobile=\"1\" data-items-tablet=\"2\" data-items=\"3\" data-margin=\"10\" data-effect=\"slide\" data-speed=\"400\" data-autoplay=\"999999\">\n                <div class=\"swiper-wrapper\">\n\t\t\t\t\t                            <div class=\"swiper-slide\">\n                                <div class=\"eael-lc-logo-wrap\">\n\t\t\t\t\t\t\t\t\t                                    <div id=\"eael-lc-logo-38b7cb1\" class=\"eael-lc-logo\">\n\t\t\t\t\t\t\t\t\t\t<img decoding=\"async\" class=\"eael-lc-img-src\" src=\"https:\/\/pinsportapp.info\/wp-content\/uploads\/2026\/01\/talent.png\" alt=\"\">                                    <\/div>\n\t\t\t\t\t\t\t\t\t                                <\/div>\n                            <\/div>\n\t\t\t\t\t\t                <\/div>\n            <\/div>\n\t\t\t        <\/div>\n\t\t\t\t\t\t<\/div>\n\t\t\t\t<\/div>\n\t\t\t\t<\/div>\n\t\t\t\t\t<\/div>\n\t\t\t\t<\/div>\n\t\t<div data-particle_enable=\"false\" data-particle-mobile-disabled=\"false\" class=\"elementor-element elementor-element-ec99366 e-flex e-con-boxed e-con e-parent\" data-id=\"ec99366\" data-element_type=\"container\" data-e-type=\"container\" data-settings=\"{&quot;background_background&quot;:&quot;classic&quot;}\">\n\t\t\t\t\t<div class=\"e-con-inner\">\n\t\t\t\t<div class=\"elementor-element elementor-element-a9f2bc4 elementor-widget elementor-widget-heading\" data-id=\"a9f2bc4\" data-element_type=\"widget\" data-e-type=\"widget\" data-widget_type=\"heading.default\">\n\t\t\t\t\t<h2 class=\"elementor-heading-title elementor-size-default\">Unsere Berater <\/h2>\t\t\t\t<\/div>\n\t\t\t\t\t<\/div>\n\t\t\t\t<\/div>\n\t\t<div data-particle_enable=\"false\" data-particle-mobile-disabled=\"false\" class=\"elementor-element elementor-element-e4e5e69 e-flex e-con-boxed e-con e-parent\" data-id=\"e4e5e69\" data-element_type=\"container\" data-e-type=\"container\" data-settings=\"{&quot;background_background&quot;:&quot;classic&quot;}\">\n\t\t\t\t\t<div class=\"e-con-inner\">\n\t\t<div data-particle_enable=\"false\" data-particle-mobile-disabled=\"false\" class=\"elementor-element elementor-element-7d22994 e-con-full e-flex e-con e-child\" data-id=\"7d22994\" data-element_type=\"container\" data-e-type=\"container\">\n\t\t<div data-particle_enable=\"false\" data-particle-mobile-disabled=\"false\" class=\"elementor-element elementor-element-1c6f750 e-con-full e-flex e-con e-child\" data-id=\"1c6f750\" data-element_type=\"container\" data-e-type=\"container\">\n\t\t\t\t<div class=\"elementor-element elementor-element-4ea64e5 elementor-widget elementor-widget-image\" data-id=\"4ea64e5\" data-element_type=\"widget\" data-e-type=\"widget\" data-widget_type=\"image.default\">\n\t\t\t\t\t\t\t\t\t\t\t\t\t\t\t<img loading=\"lazy\" decoding=\"async\" width=\"800\" height=\"1000\" src=\"https:\/\/pinsportapp.info\/wp-content\/uploads\/2026\/02\/Untitled-design-6-819x1024.png\" class=\"attachment-large size-large wp-image-3165\" alt=\"andreas bleiker\" srcset=\"https:\/\/pinsportapp.info\/wp-content\/uploads\/2026\/02\/Untitled-design-6-819x1024.png 819w, https:\/\/pinsportapp.info\/wp-content\/uploads\/2026\/02\/Untitled-design-6-240x300.png 240w, https:\/\/pinsportapp.info\/wp-content\/uploads\/2026\/02\/Untitled-design-6-768x960.png 768w, https:\/\/pinsportapp.info\/wp-content\/uploads\/2026\/02\/Untitled-design-6-10x12.png 10w, https:\/\/pinsportapp.info\/wp-content\/uploads\/2026\/02\/Untitled-design-6.png 1080w\" sizes=\"(max-width: 800px) 100vw, 800px\" \/>\t\t\t\t\t\t\t\t\t\t\t\t\t\t\t<\/div>\n\t\t\t\t<\/div>\n\t\t<div data-particle_enable=\"false\" data-particle-mobile-disabled=\"false\" class=\"elementor-element elementor-element-9949879 e-con-full e-flex e-con e-child\" data-id=\"9949879\" data-element_type=\"container\" data-e-type=\"container\">\n\t\t\t\t<div class=\"elementor-element elementor-element-0fdc53b elementor-widget elementor-widget-heading\" data-id=\"0fdc53b\" data-element_type=\"widget\" data-e-type=\"widget\" data-widget_type=\"heading.default\">\n\t\t\t\t\t<h2 class=\"elementor-heading-title elementor-size-default\">Andreas Bleiker<\/h2>\t\t\t\t<\/div>\n\t\t\t\t<div class=\"elementor-element elementor-element-dfbbea9 elementor-widget elementor-widget-heading\" data-id=\"dfbbea9\" data-element_type=\"widget\" data-e-type=\"widget\" data-widget_type=\"heading.default\">\n\t\t\t\t\t<h2 class=\"elementor-heading-title elementor-size-default\">UI\/UX-Experte mit Spezialisierung auf Technologieakzeptanz, Enterprise-L\u00f6sungen und B2B-Anwendungen.<\/h2>\t\t\t\t<\/div>\n\t\t\t\t<\/div>\n\t\t\t\t<\/div>\n\t\t<div data-particle_enable=\"false\" data-particle-mobile-disabled=\"false\" class=\"elementor-element elementor-element-5356a31 e-con-full e-flex e-con e-child\" data-id=\"5356a31\" data-element_type=\"container\" data-e-type=\"container\">\n\t\t<div data-particle_enable=\"false\" data-particle-mobile-disabled=\"false\" class=\"elementor-element elementor-element-033624a e-con-full e-flex e-con e-child\" data-id=\"033624a\" data-element_type=\"container\" data-e-type=\"container\">\n\t\t\t\t<div class=\"elementor-element elementor-element-c188c12 elementor-widget elementor-widget-image\" data-id=\"c188c12\" data-element_type=\"widget\" data-e-type=\"widget\" data-widget_type=\"image.default\">\n\t\t\t\t\t\t\t\t\t\t\t\t\t\t\t<img loading=\"lazy\" decoding=\"async\" width=\"447\" height=\"559\" src=\"https:\/\/pinsportapp.info\/wp-content\/uploads\/2026\/01\/1272795.jpg-removebg-preview.png\" class=\"attachment-full size-full wp-image-3119\" alt=\"\" srcset=\"https:\/\/pinsportapp.info\/wp-content\/uploads\/2026\/01\/1272795.jpg-removebg-preview.png 447w, https:\/\/pinsportapp.info\/wp-content\/uploads\/2026\/01\/1272795.jpg-removebg-preview-240x300.png 240w, https:\/\/pinsportapp.info\/wp-content\/uploads\/2026\/01\/1272795.jpg-removebg-preview-10x12.png 10w\" sizes=\"(max-width: 447px) 100vw, 447px\" \/>\t\t\t\t\t\t\t\t\t\t\t\t\t\t\t<\/div>\n\t\t\t\t<\/div>\n\t\t<div data-particle_enable=\"false\" data-particle-mobile-disabled=\"false\" class=\"elementor-element elementor-element-a6a986c e-con-full e-flex e-con e-child\" data-id=\"a6a986c\" data-element_type=\"container\" data-e-type=\"container\">\n\t\t\t\t<div class=\"elementor-element elementor-element-3f497cb elementor-widget elementor-widget-heading\" data-id=\"3f497cb\" data-element_type=\"widget\" data-e-type=\"widget\" data-widget_type=\"heading.default\">\n\t\t\t\t\t<h2 class=\"elementor-heading-title elementor-size-default\">Dr. Carlos G\u00f3mez Gonz\u00e1lez<\/h2>\t\t\t\t<\/div>\n\t\t\t\t<div class=\"elementor-element elementor-element-9bcf320 elementor-widget elementor-widget-heading\" data-id=\"9bcf320\" data-element_type=\"widget\" data-e-type=\"widget\" data-widget_type=\"heading.default\">\n\t\t\t\t\t<h2 class=\"elementor-heading-title elementor-size-default\">Senior Lecturer f\u00fcr Sport\u00f6konomie an der Universit\u00e4t Lausanne, spezialisiert auf Projekte zu Verhaltens\u00f6konomie sowie sozio\u00f6konomischen Ungleichheiten. <\/h2>\t\t\t\t<\/div>\n\t\t\t\t<\/div>\n\t\t\t\t<\/div>\n\t\t\t\t\t<\/div>\n\t\t\t\t<\/div>\n\t\t\t\t<\/div>","protected":false},"excerpt":{"rendered":"<p>OUR TEAM Mahmudul Co-Founder Technical Lead \u2013 Product Development Pearl Founder Business Development &amp; Partnerships Maxence AI-Model &amp; ML Etnik Partnerships &amp; Marketing Our Advisors Andreas Bleiker UI\/UX expert specializing in technology adoption, enterprise solutions, and B2B solutions. Dr. Carlos G\u00f3mez Gonz\u00e1lez Senior Lecturer in sports economics at the University of Lausanne, specializing in projects [&hellip;]<\/p>\n","protected":false},"author":1,"featured_media":0,"parent":0,"menu_order":0,"comment_status":"closed","ping_status":"closed","template":"","meta":{"inline_featured_image":false,"footnotes":""},"class_list":["post-3098","page","type-page","status-publish","hentry"],"_links":{"self":[{"href":"https:\/\/pinsportapp.info\/de\/wp-json\/wp\/v2\/pages\/3098","targetHints":{"allow":["GET"]}}],"collection":[{"href":"https:\/\/pinsportapp.info\/de\/wp-json\/wp\/v2\/pages"}],"about":[{"href":"https:\/\/pinsportapp.info\/de\/wp-json\/wp\/v2\/types\/page"}],"author":[{"embeddable":true,"href":"https:\/\/pinsportapp.info\/de\/wp-json\/wp\/v2\/users\/1"}],"replies":[{"embeddable":true,"href":"https:\/\/pinsportapp.info\/de\/wp-json\/wp\/v2\/comments?post=3098"}],"version-history":[{"count":24,"href":"https:\/\/pinsportapp.info\/de\/wp-json\/wp\/v2\/pages\/3098\/revisions"}],"predecessor-version":[{"id":3255,"href":"https:\/\/pinsportapp.info\/de\/wp-json\/wp\/v2\/pages\/3098\/revisions\/3255"}],"wp:attachment":[{"href":"https:\/\/pinsportapp.info\/de\/wp-json\/wp\/v2\/media?parent=3098"}],"curies":[{"name":"wp","href":"https:\/\/api.w.org\/{rel}","templated":true}]}}